{"id":94,"date":"2025-05-13T04:46:24","date_gmt":"2025-05-13T04:46:24","guid":{"rendered":"https:\/\/www.partiokerailijat.fi\/?page_id=94"},"modified":"2025-05-13T04:46:25","modified_gmt":"2025-05-13T04:46:25","slug":"saannot","status":"publish","type":"page","link":"http:\/\/www.partiokerailijat.fi\/index.php\/saannot\/","title":{"rendered":"S\u00e4\u00e4nn\u00f6t"},"content":{"rendered":"\n<p><a href=\"http:\/\/www.partiokerailijat.fi\/wp-content\/uploads\/2025\/05\/partiokerailijat_saannot.pdf\" data-type=\"link\" data-id=\"http:\/\/www.partiokerailijat.fi\/wp-content\/uploads\/2025\/05\/partiokerailijat_saannot.pdf\">Yhdistyksen s\u00e4\u00e4nn\u00f6t (pdf)<\/a><\/p>\n","protected":false},"excerpt":{"rendered":"<p>Yhdistyksen s\u00e4\u00e4nn\u00f6t (pdf)<\/p>\n","protected":false},"author":1,"featured_media":0,"parent":0,"menu_order":0,"comment_status":"closed","ping_status":"closed","template":"","meta":{"footnotes":""},"_links":{"self":[{"href":"http:\/\/www.partiokerailijat.fi\/index.php\/wp-json\/wp\/v2\/pages\/94"}],"collection":[{"href":"http:\/\/www.partiokerailijat.fi\/index.php\/wp-json\/wp\/v2\/pages"}],"about":[{"href":"http:\/\/www.partiokerailijat.fi\/index.php\/wp-json\/wp\/v2\/types\/page"}],"author":[{"embeddable":true,"href":"http:\/\/www.partiokerailijat.fi\/index.php\/wp-json\/wp\/v2\/users\/1"}],"replies":[{"embeddable":true,"href":"http:\/\/www.partiokerailijat.fi\/index.php\/wp-json\/wp\/v2\/comments?post=94"}],"version-history":[{"count":1,"href":"http:\/\/www.partiokerailijat.fi\/index.php\/wp-json\/wp\/v2\/pages\/94\/revisions"}],"predecessor-version":[{"id":95,"href":"http:\/\/www.partiokerailijat.fi\/index.php\/wp-json\/wp\/v2\/pages\/94\/revisions\/95"}],"wp:attachment":[{"href":"http:\/\/www.partiokerailijat.fi\/index.php\/wp-json\/wp\/v2\/media?parent=94"}],"curies":[{"name":"wp","href":"https:\/\/api.w.org\/{rel}","templated":true}]}}