{"id":9,"date":"2023-08-19T07:13:56","date_gmt":"2023-08-19T07:13:56","guid":{"rendered":"http:\/\/www.partiokerailijat.fi\/?page_id=9"},"modified":"2026-03-16T09:48:19","modified_gmt":"2026-03-16T09:48:19","slug":"yhteystiedot","status":"publish","type":"page","link":"http:\/\/www.partiokerailijat.fi\/index.php\/yhteystiedot\/","title":{"rendered":"Yhteystiedot"},"content":{"rendered":"\n<p><strong>Puheenjohtaja <em>Elina Liippola<\/em><\/strong> puheenjohtaja[a]partiokerailijat.fi<br><strong>Varapuheenjohtaja <em>Ilkka Kuivalainen<\/em><\/strong> varapuheenjohtaja[a]partiokerailijat.fi<br><strong>Sihteeri <em>Juha Tomberg<\/em><\/strong> sihteeri[a]partiokerailijat.fi<br><strong>Rahastonhoitaja <em>Hannu H\u00e4nninen<\/em><\/strong> rahastonhoitaja[a]partiokerailijat.fi<br><strong>Swoppaus-lehden p\u00e4\u00e4toimittaja <em>Visa Liippola<\/em><\/strong> swoppaus[a]partiokerailijat.fi<br><strong>Webmaster <em>Victor Spiby<\/em><\/strong> webmaster[a]partiokerailijat.fi<br><strong>N\u00e4yttelyvastaava <em>Ossi Ikonen<\/em><\/strong> ossi[a]partiokerailijat.fi<br><strong>Hallituksen j\u00e4sen <\/strong><em><strong>Anne Karppinen<\/strong><\/em> anne[a]partiokerailijat.fi<\/p>\n","protected":false},"excerpt":{"rendered":"<p>Puheenjohtaja Elina Liippola puheenjohtaja[a]partiokerailijat.fiVarapuheenjohtaja Ilkka Kuivalainen varapuheenjohtaja[a]partiokerailijat.fiSihteeri Juha Tomberg sihteeri[a]partiokerailijat.fiRahastonhoitaja Hannu H\u00e4nninen rahastonhoitaja[a]partiokerailijat.fiSwoppaus-lehden p\u00e4\u00e4toimittaja Visa Liippola swoppaus[a]partiokerailijat.fiWebmaster Victor Spiby webmaster[a]partiokerailijat.fiN\u00e4yttelyvastaava Ossi Ikonen ossi[a]partiokerailijat.fiHallituksen j\u00e4sen Anne Karppinen anne[a]partiokerailijat.fi<\/p>\n","protected":false},"author":1,"featured_media":0,"parent":0,"menu_order":0,"comment_status":"closed","ping_status":"closed","template":"","meta":{"footnotes":""},"_links":{"self":[{"href":"http:\/\/www.partiokerailijat.fi\/index.php\/wp-json\/wp\/v2\/pages\/9"}],"collection":[{"href":"http:\/\/www.partiokerailijat.fi\/index.php\/wp-json\/wp\/v2\/pages"}],"about":[{"href":"http:\/\/www.partiokerailijat.fi\/index.php\/wp-json\/wp\/v2\/types\/page"}],"author":[{"embeddable":true,"href":"http:\/\/www.partiokerailijat.fi\/index.php\/wp-json\/wp\/v2\/users\/1"}],"replies":[{"embeddable":true,"href":"http:\/\/www.partiokerailijat.fi\/index.php\/wp-json\/wp\/v2\/comments?post=9"}],"version-history":[{"count":3,"href":"http:\/\/www.partiokerailijat.fi\/index.php\/wp-json\/wp\/v2\/pages\/9\/revisions"}],"predecessor-version":[{"id":116,"href":"http:\/\/www.partiokerailijat.fi\/index.php\/wp-json\/wp\/v2\/pages\/9\/revisions\/116"}],"wp:attachment":[{"href":"http:\/\/www.partiokerailijat.fi\/index.php\/wp-json\/wp\/v2\/media?parent=9"}],"curies":[{"name":"wp","href":"https:\/\/api.w.org\/{rel}","templated":true}]}}