{"id":52,"date":"2023-10-11T14:03:56","date_gmt":"2023-10-11T14:03:56","guid":{"rendered":"https:\/\/www.partiokerailijat.fi\/?page_id=52"},"modified":"2026-03-16T09:29:53","modified_gmt":"2026-03-16T09:29:53","slug":"tapahtumat","status":"publish","type":"page","link":"http:\/\/www.partiokerailijat.fi\/index.php\/tapahtumat\/","title":{"rendered":"Tapahtumat"},"content":{"rendered":"\n<p><\/p>\n\n\n\n<h2 class=\"wp-block-heading\">Tulevat tapahtumat<\/h2>\n\n\n\n<p>Tietoa tulevista tapahtumista jaetaan t\u00e4nne kun niist\u00e4 on p\u00e4\u00e4tetty.<\/p>\n\n\n\n<h2 class=\"wp-block-heading\">Menneet tapahtumat<\/h2>\n\n\n\n<p>Lue menneiden tapahtumien kutsut <a href=\"https:\/\/www.partiokerailijat.fi\/index.php\/2026\/03\/16\/menneet-tapahtumat\/\">t\u00e4\u00e4lt\u00e4<\/a>.<\/p>\n","protected":false},"excerpt":{"rendered":"<p>Tulevat tapahtumat Tietoa tulevista tapahtumista jaetaan t\u00e4nne kun niist\u00e4 on p\u00e4\u00e4tetty. Menneet tapahtumat Lue menneiden tapahtumien kutsut t\u00e4\u00e4lt\u00e4.<\/p>\n","protected":false},"author":1,"featured_media":0,"parent":0,"menu_order":0,"comment_status":"closed","ping_status":"closed","template":"","meta":{"footnotes":""},"_links":{"self":[{"href":"http:\/\/www.partiokerailijat.fi\/index.php\/wp-json\/wp\/v2\/pages\/52"}],"collection":[{"href":"http:\/\/www.partiokerailijat.fi\/index.php\/wp-json\/wp\/v2\/pages"}],"about":[{"href":"http:\/\/www.partiokerailijat.fi\/index.php\/wp-json\/wp\/v2\/types\/page"}],"author":[{"embeddable":true,"href":"http:\/\/www.partiokerailijat.fi\/index.php\/wp-json\/wp\/v2\/users\/1"}],"replies":[{"embeddable":true,"href":"http:\/\/www.partiokerailijat.fi\/index.php\/wp-json\/wp\/v2\/comments?post=52"}],"version-history":[{"count":11,"href":"http:\/\/www.partiokerailijat.fi\/index.php\/wp-json\/wp\/v2\/pages\/52\/revisions"}],"predecessor-version":[{"id":112,"href":"http:\/\/www.partiokerailijat.fi\/index.php\/wp-json\/wp\/v2\/pages\/52\/revisions\/112"}],"wp:attachment":[{"href":"http:\/\/www.partiokerailijat.fi\/index.php\/wp-json\/wp\/v2\/media?parent=52"}],"curies":[{"name":"wp","href":"https:\/\/api.w.org\/{rel}","templated":true}]}}