{"id":18,"date":"2023-08-19T07:48:26","date_gmt":"2023-08-19T07:48:26","guid":{"rendered":"http:\/\/www.partiokerailijat.fi\/?page_id=18"},"modified":"2023-08-19T08:16:32","modified_gmt":"2023-08-19T08:16:32","slug":"partiokeraily","status":"publish","type":"page","link":"http:\/\/www.partiokerailijat.fi\/index.php\/partiokeraily\/","title":{"rendered":"Partioker\u00e4ily"},"content":{"rendered":"\n<p>Partioker\u00e4ily on partion eri esineiden ker\u00e4ily\u00e4. Huiveja, merkkej\u00e4, ansiomerkkej\u00e4, kirjoja, postimerkkej\u00e4, vaatteita, pelej\u00e4, leirimuistoja, ja niin paljon muuta. Jotkut henkil\u00f6t ker\u00e4\u00e4v\u00e4t kaikkea, ja jotkut ker\u00e4\u00e4v\u00e4t vain jotain rajattua esineist\u00f6\u00e4.<\/p>\n","protected":false},"excerpt":{"rendered":"<p>Partioker\u00e4ily on partion eri esineiden ker\u00e4ily\u00e4. Huiveja, merkkej\u00e4, ansiomerkkej\u00e4, kirjoja, postimerkkej\u00e4, vaatteita, pelej\u00e4, leirimuistoja, ja niin paljon muuta. Jotkut henkil\u00f6t ker\u00e4\u00e4v\u00e4t kaikkea, ja jotkut ker\u00e4\u00e4v\u00e4t vain jotain rajattua esineist\u00f6\u00e4.<\/p>\n","protected":false},"author":1,"featured_media":0,"parent":0,"menu_order":0,"comment_status":"closed","ping_status":"closed","template":"","meta":{"footnotes":""},"_links":{"self":[{"href":"http:\/\/www.partiokerailijat.fi\/index.php\/wp-json\/wp\/v2\/pages\/18"}],"collection":[{"href":"http:\/\/www.partiokerailijat.fi\/index.php\/wp-json\/wp\/v2\/pages"}],"about":[{"href":"http:\/\/www.partiokerailijat.fi\/index.php\/wp-json\/wp\/v2\/types\/page"}],"author":[{"embeddable":true,"href":"http:\/\/www.partiokerailijat.fi\/index.php\/wp-json\/wp\/v2\/users\/1"}],"replies":[{"embeddable":true,"href":"http:\/\/www.partiokerailijat.fi\/index.php\/wp-json\/wp\/v2\/comments?post=18"}],"version-history":[{"count":3,"href":"http:\/\/www.partiokerailijat.fi\/index.php\/wp-json\/wp\/v2\/pages\/18\/revisions"}],"predecessor-version":[{"id":31,"href":"http:\/\/www.partiokerailijat.fi\/index.php\/wp-json\/wp\/v2\/pages\/18\/revisions\/31"}],"wp:attachment":[{"href":"http:\/\/www.partiokerailijat.fi\/index.php\/wp-json\/wp\/v2\/media?parent=18"}],"curies":[{"name":"wp","href":"https:\/\/api.w.org\/{rel}","templated":true}]}}